{"id":43,"date":"2016-11-10T10:44:09","date_gmt":"2016-11-10T09:44:09","guid":{"rendered":"http:\/\/touttrace.com\/?page_id=43"},"modified":"2016-12-05T17:02:08","modified_gmt":"2016-12-05T16:02:08","slug":"les-balades-en-fauteuil-de-lassociation-montpellieraine-roule-nature","status":"publish","type":"page","link":"https:\/\/touttrace.com\/index.php\/les-balades-en-fauteuil-de-lassociation-montpellieraine-roule-nature\/","title":{"rendered":"Les balades en fauteuil de l&rsquo;Association Montpellieraine &lsquo;Roule Nature&rsquo;"},"content":{"rendered":"<p>Sur cette page vous retrouverez tous les parcours praticables en fauteuil (FR), en 3\u00e8me roue (F2R) ou en Handbike adaptable (F3R).<br \/>\nEt pour mieux vous guider, Roule Nature\u00a0vous propose la possibilit\u00e9 d\u2019embarquer les parcours sur votre smartphone :<br \/>\n\u2013 Son parcours sur smartphone \/ <a href=\"http:\/\/touttrace.com\/wp-content\/uploads\/2016\/11\/Cirkwi-sur-smartphone.pdf\" target=\"_blank\">Mode op\u00e9ratoire<br \/>\n<\/a><span style=\"color: #000000;\">\u2013 En savoir plus sur l&rsquo;Association Roule Nature en consultant leur site <a href=\"http:\/\/roulenature.org\/\" target=\"_blank\">https:\/\/roulenature.org<\/a><\/span><a href=\"http:\/\/touttrace.com\/wp-content\/uploads\/2016\/11\/Cirkwi-sur-smartphone.pdf\"><br \/>\n<\/a><\/p>\n<p>Ces notions d\u2019identification de parcours nature vont vous permettre de mieux appr\u00e9hender les difficult\u00e9s que vous pourrez rencontrer en fonction de votre mode de d\u00e9placement.<\/p>\n<p>&nbsp;<\/p>\n<p><script type=\"text\/javascript\" src=\"https:\/\/www.modulesbox.com\/js\/module-loader.js\" id=\"mb-module-loader\"><\/script><br \/>\n<script type=\"text\/javascript\">\n    mbLoadModule({ id: 30143, locale: \"fr\" });\n<\/script><\/p>\n<div id=\"mb-module-30143\"><\/div>\n<p><a href=\"http:\/\/touttrace.com\/\">Retour Edito<\/a><\/p>\n","protected":false},"excerpt":{"rendered":"<p>Sur cette page vous retrouverez tous les parcours praticables en fauteuil (FR), en 3\u00e8me roue (F2R) ou en Handbike adaptable (F3R). Et pour mieux vous guider, Roule Nature\u00a0vous propose la possibilit\u00e9 d\u2019embarquer les parcours sur votre smartphone : \u2013 Son parcours sur smartphone \/ Mode op\u00e9ratoire \u2013 En savoir plus sur l&rsquo;Association Roule Nature en &hellip; <a href=\"https:\/\/touttrace.com\/index.php\/les-balades-en-fauteuil-de-lassociation-montpellieraine-roule-nature\/\" class=\"more-link\">Continuer la lecture<span class=\"screen-reader-text\"> de &laquo;&nbsp;Les balades en fauteuil de l&rsquo;Association Montpellieraine &lsquo;Roule Nature&rsquo;&nbsp;&raquo;<\/span><\/a><\/p>\n","protected":false},"author":1,"featured_media":0,"parent":0,"menu_order":0,"comment_status":"closed","ping_status":"closed","template":"","meta":[],"yoast_head":"<!-- This site is optimized with the Yoast SEO plugin v15.6.2 - https:\/\/yoast.com\/wordpress\/plugins\/seo\/ -->\n<title>Les balades en fauteuil de l&#039;Association Montpellieraine &#039;Roule Nature&#039; - Tout Trac\u00e9<\/title>\n<meta name=\"robots\" content=\"index, follow, max-snippet:-1, max-image-preview:large, max-video-preview:-1\" \/>\n<link rel=\"canonical\" href=\"https:\/\/touttrace.com\/index.php\/les-balades-en-fauteuil-de-lassociation-montpellieraine-roule-nature\/\" \/>\n<meta property=\"og:locale\" content=\"fr_FR\" \/>\n<meta property=\"og:type\" content=\"article\" \/>\n<meta property=\"og:title\" content=\"Les balades en fauteuil de l&#039;Association Montpellieraine &#039;Roule Nature&#039; - Tout Trac\u00e9\" \/>\n<meta property=\"og:description\" content=\"Sur cette page vous retrouverez tous les parcours praticables en fauteuil (FR), en 3\u00e8me roue (F2R) ou en Handbike adaptable (F3R). Et pour mieux vous guider, Roule Nature\u00a0vous propose la possibilit\u00e9 d\u2019embarquer les parcours sur votre smartphone : \u2013 Son parcours sur smartphone \/ Mode op\u00e9ratoire \u2013 En savoir plus sur l&rsquo;Association Roule Nature en &hellip; Continuer la lecture de &laquo;&nbsp;Les balades en fauteuil de l&rsquo;Association Montpellieraine &lsquo;Roule Nature&rsquo;&nbsp;&raquo;\" \/>\n<meta property=\"og:url\" content=\"https:\/\/touttrace.com\/index.php\/les-balades-en-fauteuil-de-lassociation-montpellieraine-roule-nature\/\" \/>\n<meta property=\"og:site_name\" content=\"Tout Trac\u00e9\" \/>\n<meta property=\"article:modified_time\" content=\"2016-12-05T16:02:08+00:00\" \/>\n<meta name=\"twitter:card\" content=\"summary_large_image\" \/>\n<script type=\"application\/ld+json\" class=\"yoast-schema-graph\">{\"@context\":\"https:\/\/schema.org\",\"@graph\":[{\"@type\":\"WebSite\",\"@id\":\"https:\/\/touttrace.com\/#website\",\"url\":\"https:\/\/touttrace.com\/\",\"name\":\"Tout Trac\\u00e9\",\"description\":\"Je roule pour vous !\",\"potentialAction\":[{\"@type\":\"SearchAction\",\"target\":\"https:\/\/touttrace.com\/?s={search_term_string}\",\"query-input\":\"required name=search_term_string\"}],\"inLanguage\":\"fr-FR\"},{\"@type\":\"WebPage\",\"@id\":\"https:\/\/touttrace.com\/index.php\/les-balades-en-fauteuil-de-lassociation-montpellieraine-roule-nature\/#webpage\",\"url\":\"https:\/\/touttrace.com\/index.php\/les-balades-en-fauteuil-de-lassociation-montpellieraine-roule-nature\/\",\"name\":\"Les balades en fauteuil de l'Association Montpellieraine 'Roule Nature' - Tout Trac\\u00e9\",\"isPartOf\":{\"@id\":\"https:\/\/touttrace.com\/#website\"},\"datePublished\":\"2016-11-10T09:44:09+00:00\",\"dateModified\":\"2016-12-05T16:02:08+00:00\",\"inLanguage\":\"fr-FR\",\"potentialAction\":[{\"@type\":\"ReadAction\",\"target\":[\"https:\/\/touttrace.com\/index.php\/les-balades-en-fauteuil-de-lassociation-montpellieraine-roule-nature\/\"]}]}]}<\/script>\n<!-- \/ Yoast SEO plugin. -->","_links":{"self":[{"href":"https:\/\/touttrace.com\/index.php\/wp-json\/wp\/v2\/pages\/43"}],"collection":[{"href":"https:\/\/touttrace.com\/index.php\/wp-json\/wp\/v2\/pages"}],"about":[{"href":"https:\/\/touttrace.com\/index.php\/wp-json\/wp\/v2\/types\/page"}],"author":[{"embeddable":true,"href":"https:\/\/touttrace.com\/index.php\/wp-json\/wp\/v2\/users\/1"}],"replies":[{"embeddable":true,"href":"https:\/\/touttrace.com\/index.php\/wp-json\/wp\/v2\/comments?post=43"}],"version-history":[{"count":5,"href":"https:\/\/touttrace.com\/index.php\/wp-json\/wp\/v2\/pages\/43\/revisions"}],"predecessor-version":[{"id":121,"href":"https:\/\/touttrace.com\/index.php\/wp-json\/wp\/v2\/pages\/43\/revisions\/121"}],"wp:attachment":[{"href":"https:\/\/touttrace.com\/index.php\/wp-json\/wp\/v2\/media?parent=43"}],"curies":[{"name":"wp","href":"https:\/\/api.w.org\/{rel}","templated":true}]}}