{"id":279,"date":"2017-12-04T10:38:52","date_gmt":"2017-12-04T09:38:52","guid":{"rendered":"https:\/\/touttrace.com\/?page_id=279"},"modified":"2019-02-18T10:06:02","modified_gmt":"2019-02-18T09:06:02","slug":"offre-je-trace-pour-vous","status":"publish","type":"page","link":"https:\/\/touttrace.com\/index.php\/offre-je-trace-pour-vous\/","title":{"rendered":"Offre &lsquo;Je trace pour vous !&rsquo;"},"content":{"rendered":"<p>Pour b\u00e9n\u00e9ficier de l&rsquo;offre &lsquo;Je trace pour vous !&rsquo;, il convient de faire appel \u00e0 ma prestation de service sur mesure qui consiste \u00e0 vous \u00e9tablir une feuille de route* (consulter lien ci-apr\u00e8s) proposant un circuit \u00e0 t\u00e9l\u00e9charger sur votre smartphone. Le trac\u00e9 propos\u00e9 vous rendra autonome dans le suivi de son itin\u00e9raire et de fa\u00e7on optionnelle mat\u00e9rialisera les points d&rsquo;int\u00e9r\u00eats s\u00e9lectionn\u00e9s selon votre convenance \u00e0 visiter ou \u00e0 d\u00e9couvrir (mus\u00e9es, monuments, ch\u00e2teaux&#8230;) ou \u00e0 pratiquer (h\u00e9bergements, restaurants&#8230;).<\/p>\n<p>La prestation d&rsquo;itin\u00e9rance s&rsquo;appuie sur un travail de rep\u00e9rage cartographique et touristique d\u00e9fini selon les besoins du demandeur : type locomotion, zone g\u00e9ographique, dur\u00e9e et difficult\u00e9, milieu naturel souhait\u00e9, 3 \u00e0 4 photos captur\u00e9es sur internet, points d&rsquo;int\u00e9r\u00eats recherch\u00e9s&#8230;<br \/>\nLe prestataire livrera <a href=\"https:\/\/touttrace.com\/wp-content\/uploads\/2017\/12\/cirkwi_Saint-Clement-de-Riviere-Balade-en-pays-cathare-et-vers-la-Mediterranee-fr-59710.pdf\" target=\"_blank\" rel=\"noopener noreferrer\">une feuille* de route compl\u00e8te<\/a> au format PDF et un produit informatique &lsquo;cl\u00e9 en main&rsquo; t\u00e9l\u00e9chargeable gratuitement sur son smartphone (i-phone ou andro\u00efd uniquement) depuis la plateforme Cirkwi ou si de besoin le fichier gpx de l&rsquo;itin\u00e9raire.<br \/>\nD\u00e8s lors la prestation personnalis\u00e9e s&rsquo;\u00e9tablit suivant un tarif avantageux en guise d&rsquo;offre de lancement :<\/p>\n<p>&#8211; forfait itin\u00e9raire simple en voiture\/en moto\/\u00e0 v\u00e9lo\/\u00e0 pied &#8211; <span style=\"color: #ff0000;\"><strong>100\u20ac<\/strong><\/span> ;<br \/>\ninclus un entretien t\u00e9l\u00e9phonique\u00a0pour \u00e9tablir les bases de l&rsquo;itin\u00e9raire<br \/>\ninclus validation par demandeur avec 1 version corrective admise<br \/>\ninclus un itin\u00e9raire ne d\u00e9passant pas 100 km (Auto\/Moto), 30 km (v\u00e9lo, VTT), 15 km (\u00e0 pied)<\/p>\n<p>&#8211; forfait itin\u00e9raire privil\u00e8ge en voiture\/en moto\/\u00e0 v\u00e9lo\/\u00e0 pied &#8211; <span style=\"color: #ff0000;\"><strong>200\u20ac<\/strong><\/span><br \/>\ninclus un entretien t\u00e9l\u00e9phonique\u00a0pour \u00e9tablir les bases de l&rsquo;itin\u00e9raire<br \/>\ninclus validation par demandeur avec 1 version corrective admise<br \/>\ninclus l&rsquo;option points d&rsquo;int\u00e9r\u00eat \u00e0 d\u00e9finir avec demandeur (sur devis compl\u00e9mentaire selon demande jug\u00e9e plus complexe)<\/p>\n<p><span style=\"color: #ff0000;\">Il est temps de prendre la route en vous procurant sans plus tarder la feuille de route qui saura vous guider sur les routes de France en toute efficacit\u00e9 et confidentialit\u00e9 cela va sans dire&#8230;<\/span><\/p>\n","protected":false},"excerpt":{"rendered":"<p>Pour b\u00e9n\u00e9ficier de l&rsquo;offre &lsquo;Je trace pour vous !&rsquo;, il convient de faire appel \u00e0 ma prestation de service sur mesure qui consiste \u00e0 vous \u00e9tablir une feuille de route* (consulter lien ci-apr\u00e8s) proposant un circuit \u00e0 t\u00e9l\u00e9charger sur votre smartphone. Le trac\u00e9 propos\u00e9 vous rendra autonome dans le suivi de son itin\u00e9raire et de &hellip; <a href=\"https:\/\/touttrace.com\/index.php\/offre-je-trace-pour-vous\/\" class=\"more-link\">Continuer la lecture<span class=\"screen-reader-text\"> de &laquo;&nbsp;Offre &lsquo;Je trace pour vous !&rsquo;&nbsp;&raquo;<\/span><\/a><\/p>\n","protected":false},"author":1,"featured_media":0,"parent":0,"menu_order":0,"comment_status":"closed","ping_status":"closed","template":"","meta":[],"yoast_head":"<!-- This site is optimized with the Yoast SEO plugin v15.6.2 - https:\/\/yoast.com\/wordpress\/plugins\/seo\/ -->\n<title>Offre &#039;Je trace pour vous !&#039; - Tout Trac\u00e9<\/title>\n<meta name=\"robots\" content=\"index, follow, max-snippet:-1, max-image-preview:large, max-video-preview:-1\" \/>\n<link rel=\"canonical\" href=\"https:\/\/touttrace.com\/index.php\/offre-je-trace-pour-vous\/\" \/>\n<meta property=\"og:locale\" content=\"fr_FR\" \/>\n<meta property=\"og:type\" content=\"article\" \/>\n<meta property=\"og:title\" content=\"Offre &#039;Je trace pour vous !&#039; - Tout Trac\u00e9\" \/>\n<meta property=\"og:description\" content=\"Pour b\u00e9n\u00e9ficier de l&rsquo;offre &lsquo;Je trace pour vous !&rsquo;, il convient de faire appel \u00e0 ma prestation de service sur mesure qui consiste \u00e0 vous \u00e9tablir une feuille de route* (consulter lien ci-apr\u00e8s) proposant un circuit \u00e0 t\u00e9l\u00e9charger sur votre smartphone. Le trac\u00e9 propos\u00e9 vous rendra autonome dans le suivi de son itin\u00e9raire et de &hellip; Continuer la lecture de &laquo;&nbsp;Offre &lsquo;Je trace pour vous !&rsquo;&nbsp;&raquo;\" \/>\n<meta property=\"og:url\" content=\"https:\/\/touttrace.com\/index.php\/offre-je-trace-pour-vous\/\" \/>\n<meta property=\"og:site_name\" content=\"Tout Trac\u00e9\" \/>\n<meta property=\"article:modified_time\" content=\"2019-02-18T09:06:02+00:00\" \/>\n<meta name=\"twitter:card\" content=\"summary_large_image\" \/>\n<meta name=\"twitter:label1\" content=\"Dur\u00e9e de lecture est.\">\n\t<meta name=\"twitter:data1\" content=\"2 minutes\">\n<script type=\"application\/ld+json\" class=\"yoast-schema-graph\">{\"@context\":\"https:\/\/schema.org\",\"@graph\":[{\"@type\":\"WebSite\",\"@id\":\"https:\/\/touttrace.com\/#website\",\"url\":\"https:\/\/touttrace.com\/\",\"name\":\"Tout Trac\\u00e9\",\"description\":\"Je roule pour vous !\",\"potentialAction\":[{\"@type\":\"SearchAction\",\"target\":\"https:\/\/touttrace.com\/?s={search_term_string}\",\"query-input\":\"required name=search_term_string\"}],\"inLanguage\":\"fr-FR\"},{\"@type\":\"WebPage\",\"@id\":\"https:\/\/touttrace.com\/index.php\/offre-je-trace-pour-vous\/#webpage\",\"url\":\"https:\/\/touttrace.com\/index.php\/offre-je-trace-pour-vous\/\",\"name\":\"Offre 'Je trace pour vous !' - Tout Trac\\u00e9\",\"isPartOf\":{\"@id\":\"https:\/\/touttrace.com\/#website\"},\"datePublished\":\"2017-12-04T09:38:52+00:00\",\"dateModified\":\"2019-02-18T09:06:02+00:00\",\"inLanguage\":\"fr-FR\",\"potentialAction\":[{\"@type\":\"ReadAction\",\"target\":[\"https:\/\/touttrace.com\/index.php\/offre-je-trace-pour-vous\/\"]}]}]}<\/script>\n<!-- \/ Yoast SEO plugin. -->","_links":{"self":[{"href":"https:\/\/touttrace.com\/index.php\/wp-json\/wp\/v2\/pages\/279"}],"collection":[{"href":"https:\/\/touttrace.com\/index.php\/wp-json\/wp\/v2\/pages"}],"about":[{"href":"https:\/\/touttrace.com\/index.php\/wp-json\/wp\/v2\/types\/page"}],"author":[{"embeddable":true,"href":"https:\/\/touttrace.com\/index.php\/wp-json\/wp\/v2\/users\/1"}],"replies":[{"embeddable":true,"href":"https:\/\/touttrace.com\/index.php\/wp-json\/wp\/v2\/comments?post=279"}],"version-history":[{"count":6,"href":"https:\/\/touttrace.com\/index.php\/wp-json\/wp\/v2\/pages\/279\/revisions"}],"predecessor-version":[{"id":309,"href":"https:\/\/touttrace.com\/index.php\/wp-json\/wp\/v2\/pages\/279\/revisions\/309"}],"wp:attachment":[{"href":"https:\/\/touttrace.com\/index.php\/wp-json\/wp\/v2\/media?parent=279"}],"curies":[{"name":"wp","href":"https:\/\/api.w.org\/{rel}","templated":true}]}}