{"id":198,"date":"2017-01-13T15:25:12","date_gmt":"2017-01-13T14:25:12","guid":{"rendered":"http:\/\/touttrace.com\/?page_id=198"},"modified":"2017-01-13T15:29:31","modified_gmt":"2017-01-13T14:29:31","slug":"beziers-mediterranee","status":"publish","type":"page","link":"https:\/\/touttrace.com\/index.php\/beziers-mediterranee\/","title":{"rendered":"B\u00e9ziers M\u00e9diterran\u00e9e"},"content":{"rendered":"<p><img data-attachment-id=\"201\" data-permalink=\"https:\/\/touttrace.com\/index.php\/beziers-mediterranee\/agglo-beziers-mediterranee-et-ses-13-communes\/\" data-orig-file=\"https:\/\/i1.wp.com\/touttrace.com\/wp-content\/uploads\/2017\/01\/Agglo-B\u00e9ziers-M\u00e9diterran\u00e9e-et-ses-13-communes.jpg?fit=506%2C522&amp;ssl=1\" data-orig-size=\"506,522\" data-comments-opened=\"1\" data-image-meta=\"{&quot;aperture&quot;:&quot;0&quot;,&quot;credit&quot;:&quot;&quot;,&quot;camera&quot;:&quot;&quot;,&quot;caption&quot;:&quot;&quot;,&quot;created_timestamp&quot;:&quot;0&quot;,&quot;copyright&quot;:&quot;&quot;,&quot;focal_length&quot;:&quot;0&quot;,&quot;iso&quot;:&quot;0&quot;,&quot;shutter_speed&quot;:&quot;0&quot;,&quot;title&quot;:&quot;&quot;,&quot;orientation&quot;:&quot;0&quot;}\" data-image-title=\"Agglo B\u00e9ziers M\u00e9diterran\u00e9e et ses 13 communes\" data-image-description=\"\" data-medium-file=\"https:\/\/i1.wp.com\/touttrace.com\/wp-content\/uploads\/2017\/01\/Agglo-B\u00e9ziers-M\u00e9diterran\u00e9e-et-ses-13-communes.jpg?fit=291%2C300&amp;ssl=1\" data-large-file=\"https:\/\/i1.wp.com\/touttrace.com\/wp-content\/uploads\/2017\/01\/Agglo-B\u00e9ziers-M\u00e9diterran\u00e9e-et-ses-13-communes.jpg?fit=506%2C522&amp;ssl=1\" decoding=\"async\" loading=\"lazy\" class=\"alignnone size-full wp-image-201 aligncenter\" src=\"https:\/\/i1.wp.com\/touttrace.com\/wp-content\/uploads\/2017\/01\/Agglo-B\u00e9ziers-M\u00e9diterran\u00e9e-et-ses-13-communes.jpg?resize=506%2C522\" alt=\"\" width=\"506\" height=\"522\" srcset=\"https:\/\/i1.wp.com\/touttrace.com\/wp-content\/uploads\/2017\/01\/Agglo-B\u00e9ziers-M\u00e9diterran\u00e9e-et-ses-13-communes.jpg?w=506&amp;ssl=1 506w, https:\/\/i1.wp.com\/touttrace.com\/wp-content\/uploads\/2017\/01\/Agglo-B\u00e9ziers-M\u00e9diterran\u00e9e-et-ses-13-communes.jpg?resize=291%2C300&amp;ssl=1 291w\" sizes=\"(max-width: 506px) 85vw, 506px\" data-recalc-dims=\"1\" \/><\/p>\n<p>Tous les parcours (\u00e0 pied ou \u00e0 v\u00e9lo) r\u00e9alis\u00e9s par des professionnels (H\u00e9rault Tourisme) ou des associations (Roule Nature) et publi\u00e9s dans Cirkwi sur le p\u00e9rim\u00e8tre de l&rsquo;Agglo H\u00e9rault M\u00e9diterran\u00e9e&#8230;<\/p>\n<p><script type=\"text\/javascript\" src=\"https:\/\/www.modulesbox.com\/js\/module-loader.js\" id=\"mb-module-loader\"><\/script><br \/>\n<script type=\"text\/javascript\">\n    mbLoadModule({ id: 31392, locale: \"fr\" });\n<\/script><\/p>\n<div id=\"mb-module-31392\"><\/div>\n<p><a href=\"http:\/\/touttrace.com\/\">Retour Edito<\/a><\/p>\n","protected":false},"excerpt":{"rendered":"<p>Tous les parcours (\u00e0 pied ou \u00e0 v\u00e9lo) r\u00e9alis\u00e9s par des professionnels (H\u00e9rault Tourisme) ou des associations (Roule Nature) et publi\u00e9s dans Cirkwi sur le p\u00e9rim\u00e8tre de l&rsquo;Agglo H\u00e9rault M\u00e9diterran\u00e9e&#8230; Retour Edito<\/p>\n","protected":false},"author":1,"featured_media":0,"parent":0,"menu_order":0,"comment_status":"closed","ping_status":"closed","template":"","meta":[],"yoast_head":"<!-- This site is optimized with the Yoast SEO plugin v15.6.2 - https:\/\/yoast.com\/wordpress\/plugins\/seo\/ -->\n<title>B\u00e9ziers M\u00e9diterran\u00e9e - Tout Trac\u00e9<\/title>\n<meta name=\"robots\" content=\"index, follow, max-snippet:-1, max-image-preview:large, max-video-preview:-1\" \/>\n<link rel=\"canonical\" href=\"https:\/\/touttrace.com\/index.php\/beziers-mediterranee\/\" \/>\n<meta property=\"og:locale\" content=\"fr_FR\" \/>\n<meta property=\"og:type\" content=\"article\" \/>\n<meta property=\"og:title\" content=\"B\u00e9ziers M\u00e9diterran\u00e9e - Tout Trac\u00e9\" \/>\n<meta property=\"og:description\" content=\"Tous les parcours (\u00e0 pied ou \u00e0 v\u00e9lo) r\u00e9alis\u00e9s par des professionnels (H\u00e9rault Tourisme) ou des associations (Roule Nature) et publi\u00e9s dans Cirkwi sur le p\u00e9rim\u00e8tre de l&rsquo;Agglo H\u00e9rault M\u00e9diterran\u00e9e&#8230; Retour Edito\" \/>\n<meta property=\"og:url\" content=\"https:\/\/touttrace.com\/index.php\/beziers-mediterranee\/\" \/>\n<meta property=\"og:site_name\" content=\"Tout Trac\u00e9\" \/>\n<meta property=\"article:modified_time\" content=\"2017-01-13T14:29:31+00:00\" \/>\n<meta property=\"og:image\" content=\"http:\/\/touttrace.com\/wp-content\/uploads\/2017\/01\/Agglo-B\u00e9ziers-M\u00e9diterran\u00e9e-et-ses-13-communes.jpg\" \/>\n<meta name=\"twitter:card\" content=\"summary_large_image\" \/>\n<script type=\"application\/ld+json\" class=\"yoast-schema-graph\">{\"@context\":\"https:\/\/schema.org\",\"@graph\":[{\"@type\":\"WebSite\",\"@id\":\"https:\/\/touttrace.com\/#website\",\"url\":\"https:\/\/touttrace.com\/\",\"name\":\"Tout Trac\\u00e9\",\"description\":\"Je roule pour vous !\",\"potentialAction\":[{\"@type\":\"SearchAction\",\"target\":\"https:\/\/touttrace.com\/?s={search_term_string}\",\"query-input\":\"required name=search_term_string\"}],\"inLanguage\":\"fr-FR\"},{\"@type\":\"ImageObject\",\"@id\":\"https:\/\/touttrace.com\/index.php\/beziers-mediterranee\/#primaryimage\",\"inLanguage\":\"fr-FR\",\"url\":\"http:\/\/touttrace.com\/wp-content\/uploads\/2017\/01\/Agglo-B\\u00e9ziers-M\\u00e9diterran\\u00e9e-et-ses-13-communes.jpg\"},{\"@type\":\"WebPage\",\"@id\":\"https:\/\/touttrace.com\/index.php\/beziers-mediterranee\/#webpage\",\"url\":\"https:\/\/touttrace.com\/index.php\/beziers-mediterranee\/\",\"name\":\"B\\u00e9ziers M\\u00e9diterran\\u00e9e - Tout Trac\\u00e9\",\"isPartOf\":{\"@id\":\"https:\/\/touttrace.com\/#website\"},\"primaryImageOfPage\":{\"@id\":\"https:\/\/touttrace.com\/index.php\/beziers-mediterranee\/#primaryimage\"},\"datePublished\":\"2017-01-13T14:25:12+00:00\",\"dateModified\":\"2017-01-13T14:29:31+00:00\",\"inLanguage\":\"fr-FR\",\"potentialAction\":[{\"@type\":\"ReadAction\",\"target\":[\"https:\/\/touttrace.com\/index.php\/beziers-mediterranee\/\"]}]}]}<\/script>\n<!-- \/ Yoast SEO plugin. -->","_links":{"self":[{"href":"https:\/\/touttrace.com\/index.php\/wp-json\/wp\/v2\/pages\/198"}],"collection":[{"href":"https:\/\/touttrace.com\/index.php\/wp-json\/wp\/v2\/pages"}],"about":[{"href":"https:\/\/touttrace.com\/index.php\/wp-json\/wp\/v2\/types\/page"}],"author":[{"embeddable":true,"href":"https:\/\/touttrace.com\/index.php\/wp-json\/wp\/v2\/users\/1"}],"replies":[{"embeddable":true,"href":"https:\/\/touttrace.com\/index.php\/wp-json\/wp\/v2\/comments?post=198"}],"version-history":[{"count":3,"href":"https:\/\/touttrace.com\/index.php\/wp-json\/wp\/v2\/pages\/198\/revisions"}],"predecessor-version":[{"id":202,"href":"https:\/\/touttrace.com\/index.php\/wp-json\/wp\/v2\/pages\/198\/revisions\/202"}],"wp:attachment":[{"href":"https:\/\/touttrace.com\/index.php\/wp-json\/wp\/v2\/media?parent=198"}],"curies":[{"name":"wp","href":"https:\/\/api.w.org\/{rel}","templated":true}]}}