{"id":170,"date":"2017-01-03T16:23:48","date_gmt":"2017-01-03T15:23:48","guid":{"rendered":"http:\/\/touttrace.com\/?page_id=170"},"modified":"2017-01-05T11:51:53","modified_gmt":"2017-01-05T10:51:53","slug":"montpellier-mediterranee-metropole","status":"publish","type":"page","link":"https:\/\/touttrace.com\/index.php\/montpellier-mediterranee-metropole\/","title":{"rendered":"Montpellier M\u00e9diterran\u00e9e M\u00e9tropole"},"content":{"rendered":"<p><img data-attachment-id=\"187\" data-permalink=\"https:\/\/touttrace.com\/index.php\/montpellier-mediterranee-metropole\/les-31-communes-de-montpellier-mediterranee-metropole\/\" data-orig-file=\"https:\/\/i1.wp.com\/touttrace.com\/wp-content\/uploads\/2017\/01\/Les-31-Communes-de-Montpellier-M\u00e9diterran\u00e9e-M\u00e9tropole.jpg?fit=796%2C684&amp;ssl=1\" data-orig-size=\"796,684\" data-comments-opened=\"1\" data-image-meta=\"{&quot;aperture&quot;:&quot;0&quot;,&quot;credit&quot;:&quot;&quot;,&quot;camera&quot;:&quot;&quot;,&quot;caption&quot;:&quot;&quot;,&quot;created_timestamp&quot;:&quot;0&quot;,&quot;copyright&quot;:&quot;&quot;,&quot;focal_length&quot;:&quot;0&quot;,&quot;iso&quot;:&quot;0&quot;,&quot;shutter_speed&quot;:&quot;0&quot;,&quot;title&quot;:&quot;&quot;,&quot;orientation&quot;:&quot;0&quot;}\" data-image-title=\"les-31-communes-de-montpellier-mediterranee-metropole\" data-image-description=\"\" data-medium-file=\"https:\/\/i1.wp.com\/touttrace.com\/wp-content\/uploads\/2017\/01\/Les-31-Communes-de-Montpellier-M\u00e9diterran\u00e9e-M\u00e9tropole.jpg?fit=300%2C258&amp;ssl=1\" data-large-file=\"https:\/\/i1.wp.com\/touttrace.com\/wp-content\/uploads\/2017\/01\/Les-31-Communes-de-Montpellier-M\u00e9diterran\u00e9e-M\u00e9tropole.jpg?fit=796%2C684&amp;ssl=1\" decoding=\"async\" loading=\"lazy\" class=\"alignnone size-full wp-image-187 aligncenter\" src=\"https:\/\/i1.wp.com\/touttrace.com\/wp-content\/uploads\/2017\/01\/Les-31-Communes-de-Montpellier-M\u00e9diterran\u00e9e-M\u00e9tropole.jpg?resize=796%2C684\" alt=\"les-31-communes-de-montpellier-mediterranee-metropole\" width=\"796\" height=\"684\" srcset=\"https:\/\/i1.wp.com\/touttrace.com\/wp-content\/uploads\/2017\/01\/Les-31-Communes-de-Montpellier-M\u00e9diterran\u00e9e-M\u00e9tropole.jpg?w=796&amp;ssl=1 796w, https:\/\/i1.wp.com\/touttrace.com\/wp-content\/uploads\/2017\/01\/Les-31-Communes-de-Montpellier-M\u00e9diterran\u00e9e-M\u00e9tropole.jpg?resize=300%2C258&amp;ssl=1 300w, https:\/\/i1.wp.com\/touttrace.com\/wp-content\/uploads\/2017\/01\/Les-31-Communes-de-Montpellier-M\u00e9diterran\u00e9e-M\u00e9tropole.jpg?resize=768%2C660&amp;ssl=1 768w\" sizes=\"(max-width: 796px) 85vw, 796px\" data-recalc-dims=\"1\" \/><\/p>\n<p>Tous les parcours (\u00e0 pied ou \u00e0 v\u00e9lo) r\u00e9alis\u00e9s par des professionnels (H\u00e9rault Tourisme) ou des Associations (Roule Nature) et publi\u00e9s dans Cirkwi sur le p\u00e9rim\u00e8tre Montpellier M\u00e9diterran\u00e9e M\u00e9tropole&#8230;<\/p>\n<p><script type=\"text\/javascript\" src=\"https:\/\/www.modulesbox.com\/js\/module-loader.js\" id=\"mb-module-loader\"><\/script><br \/>\n<script type=\"text\/javascript\">\n    mbLoadModule({ id: 30924, locale: \"fr\" });\n<\/script><\/p>\n<div id=\"mb-module-30924\"><\/div>\n<p><a href=\"http:\/\/touttrace.com\/\">Retour Edito<\/a><\/p>\n","protected":false},"excerpt":{"rendered":"<p>Tous les parcours (\u00e0 pied ou \u00e0 v\u00e9lo) r\u00e9alis\u00e9s par des professionnels (H\u00e9rault Tourisme) ou des Associations (Roule Nature) et publi\u00e9s dans Cirkwi sur le p\u00e9rim\u00e8tre Montpellier M\u00e9diterran\u00e9e M\u00e9tropole&#8230; Retour Edito<\/p>\n","protected":false},"author":1,"featured_media":0,"parent":0,"menu_order":0,"comment_status":"closed","ping_status":"closed","template":"","meta":[],"yoast_head":"<!-- This site is optimized with the Yoast SEO plugin v15.6.2 - https:\/\/yoast.com\/wordpress\/plugins\/seo\/ -->\n<title>Montpellier M\u00e9diterran\u00e9e M\u00e9tropole - Tout Trac\u00e9<\/title>\n<meta name=\"robots\" content=\"index, follow, max-snippet:-1, max-image-preview:large, max-video-preview:-1\" \/>\n<link rel=\"canonical\" href=\"https:\/\/touttrace.com\/index.php\/montpellier-mediterranee-metropole\/\" \/>\n<meta property=\"og:locale\" content=\"fr_FR\" \/>\n<meta property=\"og:type\" content=\"article\" \/>\n<meta property=\"og:title\" content=\"Montpellier M\u00e9diterran\u00e9e M\u00e9tropole - Tout Trac\u00e9\" \/>\n<meta property=\"og:description\" content=\"Tous les parcours (\u00e0 pied ou \u00e0 v\u00e9lo) r\u00e9alis\u00e9s par des professionnels (H\u00e9rault Tourisme) ou des Associations (Roule Nature) et publi\u00e9s dans Cirkwi sur le p\u00e9rim\u00e8tre Montpellier M\u00e9diterran\u00e9e M\u00e9tropole&#8230; Retour Edito\" \/>\n<meta property=\"og:url\" content=\"https:\/\/touttrace.com\/index.php\/montpellier-mediterranee-metropole\/\" \/>\n<meta property=\"og:site_name\" content=\"Tout Trac\u00e9\" \/>\n<meta property=\"article:modified_time\" content=\"2017-01-05T10:51:53+00:00\" \/>\n<meta property=\"og:image\" content=\"http:\/\/touttrace.com\/wp-content\/uploads\/2017\/01\/Les-31-Communes-de-Montpellier-M\u00e9diterran\u00e9e-M\u00e9tropole.jpg\" \/>\n<meta name=\"twitter:card\" content=\"summary_large_image\" \/>\n<script type=\"application\/ld+json\" class=\"yoast-schema-graph\">{\"@context\":\"https:\/\/schema.org\",\"@graph\":[{\"@type\":\"WebSite\",\"@id\":\"https:\/\/touttrace.com\/#website\",\"url\":\"https:\/\/touttrace.com\/\",\"name\":\"Tout Trac\\u00e9\",\"description\":\"Je roule pour vous !\",\"potentialAction\":[{\"@type\":\"SearchAction\",\"target\":\"https:\/\/touttrace.com\/?s={search_term_string}\",\"query-input\":\"required name=search_term_string\"}],\"inLanguage\":\"fr-FR\"},{\"@type\":\"ImageObject\",\"@id\":\"https:\/\/touttrace.com\/index.php\/montpellier-mediterranee-metropole\/#primaryimage\",\"inLanguage\":\"fr-FR\",\"url\":\"http:\/\/touttrace.com\/wp-content\/uploads\/2017\/01\/Les-31-Communes-de-Montpellier-M\\u00e9diterran\\u00e9e-M\\u00e9tropole.jpg\"},{\"@type\":\"WebPage\",\"@id\":\"https:\/\/touttrace.com\/index.php\/montpellier-mediterranee-metropole\/#webpage\",\"url\":\"https:\/\/touttrace.com\/index.php\/montpellier-mediterranee-metropole\/\",\"name\":\"Montpellier M\\u00e9diterran\\u00e9e M\\u00e9tropole - Tout Trac\\u00e9\",\"isPartOf\":{\"@id\":\"https:\/\/touttrace.com\/#website\"},\"primaryImageOfPage\":{\"@id\":\"https:\/\/touttrace.com\/index.php\/montpellier-mediterranee-metropole\/#primaryimage\"},\"datePublished\":\"2017-01-03T15:23:48+00:00\",\"dateModified\":\"2017-01-05T10:51:53+00:00\",\"inLanguage\":\"fr-FR\",\"potentialAction\":[{\"@type\":\"ReadAction\",\"target\":[\"https:\/\/touttrace.com\/index.php\/montpellier-mediterranee-metropole\/\"]}]}]}<\/script>\n<!-- \/ Yoast SEO plugin. -->","_links":{"self":[{"href":"https:\/\/touttrace.com\/index.php\/wp-json\/wp\/v2\/pages\/170"}],"collection":[{"href":"https:\/\/touttrace.com\/index.php\/wp-json\/wp\/v2\/pages"}],"about":[{"href":"https:\/\/touttrace.com\/index.php\/wp-json\/wp\/v2\/types\/page"}],"author":[{"embeddable":true,"href":"https:\/\/touttrace.com\/index.php\/wp-json\/wp\/v2\/users\/1"}],"replies":[{"embeddable":true,"href":"https:\/\/touttrace.com\/index.php\/wp-json\/wp\/v2\/comments?post=170"}],"version-history":[{"count":7,"href":"https:\/\/touttrace.com\/index.php\/wp-json\/wp\/v2\/pages\/170\/revisions"}],"predecessor-version":[{"id":192,"href":"https:\/\/touttrace.com\/index.php\/wp-json\/wp\/v2\/pages\/170\/revisions\/192"}],"wp:attachment":[{"href":"https:\/\/touttrace.com\/index.php\/wp-json\/wp\/v2\/media?parent=170"}],"curies":[{"name":"wp","href":"https:\/\/api.w.org\/{rel}","templated":true}]}}