{"id":133,"date":"2016-12-06T11:54:14","date_gmt":"2016-12-06T10:54:14","guid":{"rendered":"http:\/\/touttrace.com\/?page_id=133"},"modified":"2017-01-05T11:38:03","modified_gmt":"2017-01-05T10:38:03","slug":"le-clermontais","status":"publish","type":"page","link":"https:\/\/touttrace.com\/index.php\/le-clermontais\/","title":{"rendered":"Le Clermontais"},"content":{"rendered":"<p><img data-attachment-id=\"185\" data-permalink=\"https:\/\/touttrace.com\/index.php\/le-clermontais\/les-21-communes-du-clermontais\/\" data-orig-file=\"https:\/\/i2.wp.com\/touttrace.com\/wp-content\/uploads\/2017\/01\/Les-21-Communes-du-Clermontais.jpg?fit=543%2C526&amp;ssl=1\" data-orig-size=\"543,526\" data-comments-opened=\"1\" data-image-meta=\"{&quot;aperture&quot;:&quot;0&quot;,&quot;credit&quot;:&quot;&quot;,&quot;camera&quot;:&quot;&quot;,&quot;caption&quot;:&quot;&quot;,&quot;created_timestamp&quot;:&quot;0&quot;,&quot;copyright&quot;:&quot;&quot;,&quot;focal_length&quot;:&quot;0&quot;,&quot;iso&quot;:&quot;0&quot;,&quot;shutter_speed&quot;:&quot;0&quot;,&quot;title&quot;:&quot;&quot;,&quot;orientation&quot;:&quot;0&quot;}\" data-image-title=\"les-21-communes-du-clermontais\" data-image-description=\"\" data-medium-file=\"https:\/\/i2.wp.com\/touttrace.com\/wp-content\/uploads\/2017\/01\/Les-21-Communes-du-Clermontais.jpg?fit=300%2C291&amp;ssl=1\" data-large-file=\"https:\/\/i2.wp.com\/touttrace.com\/wp-content\/uploads\/2017\/01\/Les-21-Communes-du-Clermontais.jpg?fit=543%2C526&amp;ssl=1\" decoding=\"async\" loading=\"lazy\" class=\"alignnone size-full wp-image-185 aligncenter\" src=\"https:\/\/i2.wp.com\/touttrace.com\/wp-content\/uploads\/2017\/01\/Les-21-Communes-du-Clermontais.jpg?resize=543%2C526\" alt=\"les-21-communes-du-clermontais\" width=\"543\" height=\"526\" srcset=\"https:\/\/i2.wp.com\/touttrace.com\/wp-content\/uploads\/2017\/01\/Les-21-Communes-du-Clermontais.jpg?w=543&amp;ssl=1 543w, https:\/\/i2.wp.com\/touttrace.com\/wp-content\/uploads\/2017\/01\/Les-21-Communes-du-Clermontais.jpg?resize=300%2C291&amp;ssl=1 300w\" sizes=\"(max-width: 543px) 85vw, 543px\" data-recalc-dims=\"1\" \/><\/p>\n<p>Tous les parcours (\u00e0 pied ou \u00e0 v\u00e9lo) r\u00e9alis\u00e9s par des professionnels (H\u00e9rault Tourisme) et publi\u00e9s dans Cirkwi sur le p\u00e9rim\u00e8tre du Clermontais&#8230;<\/p>\n<p><script type=\"text\/javascript\" src=\"https:\/\/www.modulesbox.com\/js\/module-loader.js\" id=\"mb-module-loader\"><\/script><br \/>\n<script type=\"text\/javascript\">\n    mbLoadModule({ id: 30772, locale: \"fr\" });\n<\/script><\/p>\n<div id=\"mb-module-30772\"><\/div>\n<p><a href=\"http:\/\/touttrace.com\/\">Retour Edito<\/a><\/p>\n","protected":false},"excerpt":{"rendered":"<p>Tous les parcours (\u00e0 pied ou \u00e0 v\u00e9lo) r\u00e9alis\u00e9s par des professionnels (H\u00e9rault Tourisme) et publi\u00e9s dans Cirkwi sur le p\u00e9rim\u00e8tre du Clermontais&#8230; Retour Edito<\/p>\n","protected":false},"author":1,"featured_media":0,"parent":0,"menu_order":0,"comment_status":"closed","ping_status":"closed","template":"","meta":[],"yoast_head":"<!-- This site is optimized with the Yoast SEO plugin v15.6.2 - https:\/\/yoast.com\/wordpress\/plugins\/seo\/ -->\n<title>Le Clermontais - Tout Trac\u00e9<\/title>\n<meta name=\"robots\" content=\"index, follow, max-snippet:-1, max-image-preview:large, max-video-preview:-1\" \/>\n<link rel=\"canonical\" href=\"https:\/\/touttrace.com\/index.php\/le-clermontais\/\" \/>\n<meta property=\"og:locale\" content=\"fr_FR\" \/>\n<meta property=\"og:type\" content=\"article\" \/>\n<meta property=\"og:title\" content=\"Le Clermontais - Tout Trac\u00e9\" \/>\n<meta property=\"og:description\" content=\"Tous les parcours (\u00e0 pied ou \u00e0 v\u00e9lo) r\u00e9alis\u00e9s par des professionnels (H\u00e9rault Tourisme) et publi\u00e9s dans Cirkwi sur le p\u00e9rim\u00e8tre du Clermontais&#8230; Retour Edito\" \/>\n<meta property=\"og:url\" content=\"https:\/\/touttrace.com\/index.php\/le-clermontais\/\" \/>\n<meta property=\"og:site_name\" content=\"Tout Trac\u00e9\" \/>\n<meta property=\"article:modified_time\" content=\"2017-01-05T10:38:03+00:00\" \/>\n<meta property=\"og:image\" content=\"http:\/\/touttrace.com\/wp-content\/uploads\/2017\/01\/Les-21-Communes-du-Clermontais.jpg\" \/>\n<meta name=\"twitter:card\" content=\"summary_large_image\" \/>\n<script type=\"application\/ld+json\" class=\"yoast-schema-graph\">{\"@context\":\"https:\/\/schema.org\",\"@graph\":[{\"@type\":\"WebSite\",\"@id\":\"https:\/\/touttrace.com\/#website\",\"url\":\"https:\/\/touttrace.com\/\",\"name\":\"Tout Trac\\u00e9\",\"description\":\"Je roule pour vous !\",\"potentialAction\":[{\"@type\":\"SearchAction\",\"target\":\"https:\/\/touttrace.com\/?s={search_term_string}\",\"query-input\":\"required name=search_term_string\"}],\"inLanguage\":\"fr-FR\"},{\"@type\":\"ImageObject\",\"@id\":\"https:\/\/touttrace.com\/index.php\/le-clermontais\/#primaryimage\",\"inLanguage\":\"fr-FR\",\"url\":\"http:\/\/touttrace.com\/wp-content\/uploads\/2017\/01\/Les-21-Communes-du-Clermontais.jpg\"},{\"@type\":\"WebPage\",\"@id\":\"https:\/\/touttrace.com\/index.php\/le-clermontais\/#webpage\",\"url\":\"https:\/\/touttrace.com\/index.php\/le-clermontais\/\",\"name\":\"Le Clermontais - Tout Trac\\u00e9\",\"isPartOf\":{\"@id\":\"https:\/\/touttrace.com\/#website\"},\"primaryImageOfPage\":{\"@id\":\"https:\/\/touttrace.com\/index.php\/le-clermontais\/#primaryimage\"},\"datePublished\":\"2016-12-06T10:54:14+00:00\",\"dateModified\":\"2017-01-05T10:38:03+00:00\",\"inLanguage\":\"fr-FR\",\"potentialAction\":[{\"@type\":\"ReadAction\",\"target\":[\"https:\/\/touttrace.com\/index.php\/le-clermontais\/\"]}]}]}<\/script>\n<!-- \/ Yoast SEO plugin. -->","_links":{"self":[{"href":"https:\/\/touttrace.com\/index.php\/wp-json\/wp\/v2\/pages\/133"}],"collection":[{"href":"https:\/\/touttrace.com\/index.php\/wp-json\/wp\/v2\/pages"}],"about":[{"href":"https:\/\/touttrace.com\/index.php\/wp-json\/wp\/v2\/types\/page"}],"author":[{"embeddable":true,"href":"https:\/\/touttrace.com\/index.php\/wp-json\/wp\/v2\/users\/1"}],"replies":[{"embeddable":true,"href":"https:\/\/touttrace.com\/index.php\/wp-json\/wp\/v2\/comments?post=133"}],"version-history":[{"count":5,"href":"https:\/\/touttrace.com\/index.php\/wp-json\/wp\/v2\/pages\/133\/revisions"}],"predecessor-version":[{"id":186,"href":"https:\/\/touttrace.com\/index.php\/wp-json\/wp\/v2\/pages\/133\/revisions\/186"}],"wp:attachment":[{"href":"https:\/\/touttrace.com\/index.php\/wp-json\/wp\/v2\/media?parent=133"}],"curies":[{"name":"wp","href":"https:\/\/api.w.org\/{rel}","templated":true}]}}