{"id":113,"date":"2016-12-05T15:39:58","date_gmt":"2016-12-05T14:39:58","guid":{"rendered":"http:\/\/touttrace.com\/?page_id=113"},"modified":"2017-01-05T11:27:52","modified_gmt":"2017-01-05T10:27:52","slug":"le-grand-orb","status":"publish","type":"page","link":"https:\/\/touttrace.com\/index.php\/le-grand-orb\/","title":{"rendered":"Le Grand Orb"},"content":{"rendered":"<p><img data-attachment-id=\"177\" data-permalink=\"https:\/\/touttrace.com\/index.php\/le-grand-orb\/le-grand-orb-et-ses-24-communes\/\" data-orig-file=\"https:\/\/i1.wp.com\/touttrace.com\/wp-content\/uploads\/2017\/01\/Le-Grand-Orb-et-ses-24-communes.jpg?fit=732%2C584&amp;ssl=1\" data-orig-size=\"732,584\" data-comments-opened=\"1\" data-image-meta=\"{&quot;aperture&quot;:&quot;0&quot;,&quot;credit&quot;:&quot;&quot;,&quot;camera&quot;:&quot;&quot;,&quot;caption&quot;:&quot;&quot;,&quot;created_timestamp&quot;:&quot;0&quot;,&quot;copyright&quot;:&quot;&quot;,&quot;focal_length&quot;:&quot;0&quot;,&quot;iso&quot;:&quot;0&quot;,&quot;shutter_speed&quot;:&quot;0&quot;,&quot;title&quot;:&quot;&quot;,&quot;orientation&quot;:&quot;0&quot;}\" data-image-title=\"le-grand-orb-et-ses-24-communes\" data-image-description=\"\" data-medium-file=\"https:\/\/i1.wp.com\/touttrace.com\/wp-content\/uploads\/2017\/01\/Le-Grand-Orb-et-ses-24-communes.jpg?fit=300%2C239&amp;ssl=1\" data-large-file=\"https:\/\/i1.wp.com\/touttrace.com\/wp-content\/uploads\/2017\/01\/Le-Grand-Orb-et-ses-24-communes.jpg?fit=732%2C584&amp;ssl=1\" decoding=\"async\" loading=\"lazy\" class=\"wp-image-177 aligncenter\" src=\"https:\/\/i1.wp.com\/touttrace.com\/wp-content\/uploads\/2017\/01\/Le-Grand-Orb-et-ses-24-communes.jpg?resize=500%2C399\" alt=\"le-grand-orb-et-ses-24-communes\" width=\"500\" height=\"399\" srcset=\"https:\/\/i1.wp.com\/touttrace.com\/wp-content\/uploads\/2017\/01\/Le-Grand-Orb-et-ses-24-communes.jpg?w=732&amp;ssl=1 732w, https:\/\/i1.wp.com\/touttrace.com\/wp-content\/uploads\/2017\/01\/Le-Grand-Orb-et-ses-24-communes.jpg?resize=300%2C239&amp;ssl=1 300w\" sizes=\"(max-width: 500px) 85vw, 500px\" data-recalc-dims=\"1\" \/><\/p>\n<p>Tous les parcours (\u00e0 pied ou \u00e0 v\u00e9lo) r\u00e9alis\u00e9s par des professionnels (H\u00e9rault Tourisme) et publi\u00e9s dans Cirkwi sur le p\u00e9rim\u00e8tre du Grand Orb&#8230;<\/p>\n<p><script type=\"text\/javascript\" src=\"https:\/\/www.modulesbox.com\/js\/module-loader.js\" id=\"mb-module-loader\"><\/script><br \/>\n<script type=\"text\/javascript\">\n    mbLoadModule({ id: 30522, locale: \"fr\" });\n<\/script><\/p>\n<div id=\"mb-module-30522\"><\/div>\n<p><a href=\"http:\/\/touttrace.com\/\">Retour Edito<\/a><\/p>\n","protected":false},"excerpt":{"rendered":"<p>Tous les parcours (\u00e0 pied ou \u00e0 v\u00e9lo) r\u00e9alis\u00e9s par des professionnels (H\u00e9rault Tourisme) et publi\u00e9s dans Cirkwi sur le p\u00e9rim\u00e8tre du Grand Orb&#8230; Retour Edito<\/p>\n","protected":false},"author":1,"featured_media":0,"parent":0,"menu_order":0,"comment_status":"closed","ping_status":"closed","template":"","meta":[],"yoast_head":"<!-- This site is optimized with the Yoast SEO plugin v15.6.2 - https:\/\/yoast.com\/wordpress\/plugins\/seo\/ -->\n<title>Le Grand Orb - Tout Trac\u00e9<\/title>\n<meta name=\"robots\" content=\"index, follow, max-snippet:-1, max-image-preview:large, max-video-preview:-1\" \/>\n<link rel=\"canonical\" href=\"https:\/\/touttrace.com\/index.php\/le-grand-orb\/\" \/>\n<meta property=\"og:locale\" content=\"fr_FR\" \/>\n<meta property=\"og:type\" content=\"article\" \/>\n<meta property=\"og:title\" content=\"Le Grand Orb - Tout Trac\u00e9\" \/>\n<meta property=\"og:description\" content=\"Tous les parcours (\u00e0 pied ou \u00e0 v\u00e9lo) r\u00e9alis\u00e9s par des professionnels (H\u00e9rault Tourisme) et publi\u00e9s dans Cirkwi sur le p\u00e9rim\u00e8tre du Grand Orb&#8230; Retour Edito\" \/>\n<meta property=\"og:url\" content=\"https:\/\/touttrace.com\/index.php\/le-grand-orb\/\" \/>\n<meta property=\"og:site_name\" content=\"Tout Trac\u00e9\" \/>\n<meta property=\"article:modified_time\" content=\"2017-01-05T10:27:52+00:00\" \/>\n<meta property=\"og:image\" content=\"http:\/\/touttrace.com\/wp-content\/uploads\/2017\/01\/Le-Grand-Orb-et-ses-24-communes.jpg\" \/>\n<meta name=\"twitter:card\" content=\"summary_large_image\" \/>\n<script type=\"application\/ld+json\" class=\"yoast-schema-graph\">{\"@context\":\"https:\/\/schema.org\",\"@graph\":[{\"@type\":\"WebSite\",\"@id\":\"https:\/\/touttrace.com\/#website\",\"url\":\"https:\/\/touttrace.com\/\",\"name\":\"Tout Trac\\u00e9\",\"description\":\"Je roule pour vous !\",\"potentialAction\":[{\"@type\":\"SearchAction\",\"target\":\"https:\/\/touttrace.com\/?s={search_term_string}\",\"query-input\":\"required name=search_term_string\"}],\"inLanguage\":\"fr-FR\"},{\"@type\":\"ImageObject\",\"@id\":\"https:\/\/touttrace.com\/index.php\/le-grand-orb\/#primaryimage\",\"inLanguage\":\"fr-FR\",\"url\":\"http:\/\/touttrace.com\/wp-content\/uploads\/2017\/01\/Le-Grand-Orb-et-ses-24-communes.jpg\"},{\"@type\":\"WebPage\",\"@id\":\"https:\/\/touttrace.com\/index.php\/le-grand-orb\/#webpage\",\"url\":\"https:\/\/touttrace.com\/index.php\/le-grand-orb\/\",\"name\":\"Le Grand Orb - Tout Trac\\u00e9\",\"isPartOf\":{\"@id\":\"https:\/\/touttrace.com\/#website\"},\"primaryImageOfPage\":{\"@id\":\"https:\/\/touttrace.com\/index.php\/le-grand-orb\/#primaryimage\"},\"datePublished\":\"2016-12-05T14:39:58+00:00\",\"dateModified\":\"2017-01-05T10:27:52+00:00\",\"inLanguage\":\"fr-FR\",\"potentialAction\":[{\"@type\":\"ReadAction\",\"target\":[\"https:\/\/touttrace.com\/index.php\/le-grand-orb\/\"]}]}]}<\/script>\n<!-- \/ Yoast SEO plugin. -->","_links":{"self":[{"href":"https:\/\/touttrace.com\/index.php\/wp-json\/wp\/v2\/pages\/113"}],"collection":[{"href":"https:\/\/touttrace.com\/index.php\/wp-json\/wp\/v2\/pages"}],"about":[{"href":"https:\/\/touttrace.com\/index.php\/wp-json\/wp\/v2\/types\/page"}],"author":[{"embeddable":true,"href":"https:\/\/touttrace.com\/index.php\/wp-json\/wp\/v2\/users\/1"}],"replies":[{"embeddable":true,"href":"https:\/\/touttrace.com\/index.php\/wp-json\/wp\/v2\/comments?post=113"}],"version-history":[{"count":6,"href":"https:\/\/touttrace.com\/index.php\/wp-json\/wp\/v2\/pages\/113\/revisions"}],"predecessor-version":[{"id":178,"href":"https:\/\/touttrace.com\/index.php\/wp-json\/wp\/v2\/pages\/113\/revisions\/178"}],"wp:attachment":[{"href":"https:\/\/touttrace.com\/index.php\/wp-json\/wp\/v2\/media?parent=113"}],"curies":[{"name":"wp","href":"https:\/\/api.w.org\/{rel}","templated":true}]}}