{"id":107,"date":"2016-11-28T16:22:37","date_gmt":"2016-11-28T15:22:37","guid":{"rendered":"http:\/\/touttrace.com\/?page_id=107"},"modified":"2017-01-05T11:36:28","modified_gmt":"2017-01-05T10:36:28","slug":"la-vallee-de-lherault","status":"publish","type":"page","link":"https:\/\/touttrace.com\/index.php\/la-vallee-de-lherault\/","title":{"rendered":"La Vall\u00e9e de l&rsquo;H\u00e9rault"},"content":{"rendered":"<p><img data-attachment-id=\"182\" data-permalink=\"https:\/\/touttrace.com\/index.php\/la-vallee-de-lherault\/les-28-communes-de-la-vallee-de-lherault\/\" data-orig-file=\"https:\/\/i2.wp.com\/touttrace.com\/wp-content\/uploads\/2017\/01\/Les-28-Communes-de-la-Vall\u00e9e-de-lH\u00e9rault.jpg?fit=526%2C616&amp;ssl=1\" data-orig-size=\"526,616\" data-comments-opened=\"1\" data-image-meta=\"{&quot;aperture&quot;:&quot;0&quot;,&quot;credit&quot;:&quot;&quot;,&quot;camera&quot;:&quot;&quot;,&quot;caption&quot;:&quot;&quot;,&quot;created_timestamp&quot;:&quot;0&quot;,&quot;copyright&quot;:&quot;&quot;,&quot;focal_length&quot;:&quot;0&quot;,&quot;iso&quot;:&quot;0&quot;,&quot;shutter_speed&quot;:&quot;0&quot;,&quot;title&quot;:&quot;&quot;,&quot;orientation&quot;:&quot;0&quot;}\" data-image-title=\"les-28-communes-de-la-vallee-de-lherault\" data-image-description=\"\" data-medium-file=\"https:\/\/i2.wp.com\/touttrace.com\/wp-content\/uploads\/2017\/01\/Les-28-Communes-de-la-Vall\u00e9e-de-lH\u00e9rault.jpg?fit=256%2C300&amp;ssl=1\" data-large-file=\"https:\/\/i2.wp.com\/touttrace.com\/wp-content\/uploads\/2017\/01\/Les-28-Communes-de-la-Vall\u00e9e-de-lH\u00e9rault.jpg?fit=526%2C616&amp;ssl=1\" decoding=\"async\" loading=\"lazy\" class=\"alignnone size-full wp-image-182 aligncenter\" src=\"https:\/\/i2.wp.com\/touttrace.com\/wp-content\/uploads\/2017\/01\/Les-28-Communes-de-la-Vall\u00e9e-de-lH\u00e9rault.jpg?resize=526%2C616\" alt=\"les-28-communes-de-la-vallee-de-lherault\" width=\"526\" height=\"616\" srcset=\"https:\/\/i2.wp.com\/touttrace.com\/wp-content\/uploads\/2017\/01\/Les-28-Communes-de-la-Vall\u00e9e-de-lH\u00e9rault.jpg?w=526&amp;ssl=1 526w, https:\/\/i2.wp.com\/touttrace.com\/wp-content\/uploads\/2017\/01\/Les-28-Communes-de-la-Vall\u00e9e-de-lH\u00e9rault.jpg?resize=256%2C300&amp;ssl=1 256w\" sizes=\"(max-width: 526px) 85vw, 526px\" data-recalc-dims=\"1\" \/><\/p>\n<p>Tous les parcours (\u00e0 pied ou \u00e0 v\u00e9lo) r\u00e9alis\u00e9s par des professionnels (H\u00e9rault Tourisme) et publi\u00e9s dans Cirkwi sur le p\u00e9rim\u00e8tre de la Vall\u00e9e de l&rsquo;H\u00e9rault&#8230;<\/p>\n<p><script type=\"text\/javascript\" language=\"javascript\" src=\"http:\/\/wss.cirkwi.com\/module\/ajax_v2\/js\/module_cirkwi.js\"><\/script><br \/>\n<script type=\"text\/javascript\" language=\"javascript\">\nvar cdf_module = new Module_cirkwi(\"cdf_conteneur_module\", {\"ws_id_outil\":30608,\"ws_id_host\":29732}).cdf_charger_module();\n<\/script><\/p>\n<div id=\"cdf_conteneur_module\"><\/div>\n<p><a href=\"http:\/\/touttrace.com\/\">Retour Edito<\/a><\/p>\n","protected":false},"excerpt":{"rendered":"<p>Tous les parcours (\u00e0 pied ou \u00e0 v\u00e9lo) r\u00e9alis\u00e9s par des professionnels (H\u00e9rault Tourisme) et publi\u00e9s dans Cirkwi sur le p\u00e9rim\u00e8tre de la Vall\u00e9e de l&rsquo;H\u00e9rault&#8230; Retour Edito<\/p>\n","protected":false},"author":1,"featured_media":0,"parent":0,"menu_order":0,"comment_status":"closed","ping_status":"closed","template":"","meta":[],"yoast_head":"<!-- This site is optimized with the Yoast SEO plugin v15.6.2 - https:\/\/yoast.com\/wordpress\/plugins\/seo\/ -->\n<title>La Vall\u00e9e de l&#039;H\u00e9rault - Tout Trac\u00e9<\/title>\n<meta name=\"robots\" content=\"index, follow, max-snippet:-1, max-image-preview:large, max-video-preview:-1\" \/>\n<link rel=\"canonical\" href=\"https:\/\/touttrace.com\/index.php\/la-vallee-de-lherault\/\" \/>\n<meta property=\"og:locale\" content=\"fr_FR\" \/>\n<meta property=\"og:type\" content=\"article\" \/>\n<meta property=\"og:title\" content=\"La Vall\u00e9e de l&#039;H\u00e9rault - Tout Trac\u00e9\" \/>\n<meta property=\"og:description\" content=\"Tous les parcours (\u00e0 pied ou \u00e0 v\u00e9lo) r\u00e9alis\u00e9s par des professionnels (H\u00e9rault Tourisme) et publi\u00e9s dans Cirkwi sur le p\u00e9rim\u00e8tre de la Vall\u00e9e de l&rsquo;H\u00e9rault&#8230; Retour Edito\" \/>\n<meta property=\"og:url\" content=\"https:\/\/touttrace.com\/index.php\/la-vallee-de-lherault\/\" \/>\n<meta property=\"og:site_name\" content=\"Tout Trac\u00e9\" \/>\n<meta property=\"article:modified_time\" content=\"2017-01-05T10:36:28+00:00\" \/>\n<meta property=\"og:image\" content=\"http:\/\/touttrace.com\/wp-content\/uploads\/2017\/01\/Les-28-Communes-de-la-Vall\u00e9e-de-lH\u00e9rault.jpg\" \/>\n<meta name=\"twitter:card\" content=\"summary_large_image\" \/>\n<script type=\"application\/ld+json\" class=\"yoast-schema-graph\">{\"@context\":\"https:\/\/schema.org\",\"@graph\":[{\"@type\":\"WebSite\",\"@id\":\"https:\/\/touttrace.com\/#website\",\"url\":\"https:\/\/touttrace.com\/\",\"name\":\"Tout Trac\\u00e9\",\"description\":\"Je roule pour vous !\",\"potentialAction\":[{\"@type\":\"SearchAction\",\"target\":\"https:\/\/touttrace.com\/?s={search_term_string}\",\"query-input\":\"required name=search_term_string\"}],\"inLanguage\":\"fr-FR\"},{\"@type\":\"ImageObject\",\"@id\":\"https:\/\/touttrace.com\/index.php\/la-vallee-de-lherault\/#primaryimage\",\"inLanguage\":\"fr-FR\",\"url\":\"http:\/\/touttrace.com\/wp-content\/uploads\/2017\/01\/Les-28-Communes-de-la-Vall\\u00e9e-de-lH\\u00e9rault.jpg\"},{\"@type\":\"WebPage\",\"@id\":\"https:\/\/touttrace.com\/index.php\/la-vallee-de-lherault\/#webpage\",\"url\":\"https:\/\/touttrace.com\/index.php\/la-vallee-de-lherault\/\",\"name\":\"La Vall\\u00e9e de l'H\\u00e9rault - Tout Trac\\u00e9\",\"isPartOf\":{\"@id\":\"https:\/\/touttrace.com\/#website\"},\"primaryImageOfPage\":{\"@id\":\"https:\/\/touttrace.com\/index.php\/la-vallee-de-lherault\/#primaryimage\"},\"datePublished\":\"2016-11-28T15:22:37+00:00\",\"dateModified\":\"2017-01-05T10:36:28+00:00\",\"inLanguage\":\"fr-FR\",\"potentialAction\":[{\"@type\":\"ReadAction\",\"target\":[\"https:\/\/touttrace.com\/index.php\/la-vallee-de-lherault\/\"]}]}]}<\/script>\n<!-- \/ Yoast SEO plugin. -->","_links":{"self":[{"href":"https:\/\/touttrace.com\/index.php\/wp-json\/wp\/v2\/pages\/107"}],"collection":[{"href":"https:\/\/touttrace.com\/index.php\/wp-json\/wp\/v2\/pages"}],"about":[{"href":"https:\/\/touttrace.com\/index.php\/wp-json\/wp\/v2\/types\/page"}],"author":[{"embeddable":true,"href":"https:\/\/touttrace.com\/index.php\/wp-json\/wp\/v2\/users\/1"}],"replies":[{"embeddable":true,"href":"https:\/\/touttrace.com\/index.php\/wp-json\/wp\/v2\/comments?post=107"}],"version-history":[{"count":6,"href":"https:\/\/touttrace.com\/index.php\/wp-json\/wp\/v2\/pages\/107\/revisions"}],"predecessor-version":[{"id":184,"href":"https:\/\/touttrace.com\/index.php\/wp-json\/wp\/v2\/pages\/107\/revisions\/184"}],"wp:attachment":[{"href":"https:\/\/touttrace.com\/index.php\/wp-json\/wp\/v2\/media?parent=107"}],"curies":[{"name":"wp","href":"https:\/\/api.w.org\/{rel}","templated":true}]}}